{"id":978,"date":"2023-09-30T13:53:26","date_gmt":"2023-09-30T13:53:26","guid":{"rendered":"https:\/\/taxiderreinhard.at\/?page_id=978"},"modified":"2025-08-04T15:03:13","modified_gmt":"2025-08-04T15:03:13","slug":"datenschutzerklaerung","status":"publish","type":"page","link":"https:\/\/taxiderreinhard.at\/en\/datenschutzerklaerung\/","title":{"rendered":"Privacy Policy"},"content":{"rendered":"<div class=\"wpb-content-wrapper\"><div class=\"vc-custom-col-spacing clearfix vc-col-spacing-30\"><section class=\"wpb_row vc_row-fluid row-content-position-Default\"><div class=\"logistix-container\"><div class=\"row-inner clearfix\"><div class=\"wpb_column vc_column_container vc_col-sm-12\"><div class=\"vc_column-inner\"><div class=\"wpb_wrapper\">\n\t<div class=\"wpb_raw_code wpb_content_element wpb_raw_html\" >\n\t\t<div class=\"wpb_wrapper\">\n\t\t\t<h2>Privacy Policy<\/h2>\n\n<h3>1. Allgemeine Hinweise<\/h3>\n<p>Der Schutz Ihrer pers\u00f6nlichen Daten ist uns ein gro\u00dfes Anliegen. Wir verarbeiten Ihre Daten ausschlie\u00dflich auf Grundlage der gesetzlichen Bestimmungen (DSGVO, TKG 2021). Diese Datenschutzerkl\u00e4rung informiert Sie \u00fcber Art, Umfang und Zweck der Datenerhebung auf unserer Website.<\/p>\n\n<h3>2. Verantwortlicher<\/h3>\n<p>\nVolkan Kama<br>\nLeitenweg 23<br>\n6500 Landeck, \u00d6sterreich<br>\nE-Mail: <a href=\"mailto:info@taxiderreinhard.at\">info@taxiderreinhard.at<\/a>\n<\/p>\n\n<h3>3. Datenerfassung \u00fcber das Reservierungsformular<\/h3>\n<p>Wenn Sie \u00fcber unser Online-Formular eine Reservierungsanfrage stellen, verarbeiten wir folgende personenbezogene Daten:<\/p>\n<ul>\n  <li>Vor- und Nachname<\/li>\n  <li>Telefonnummer<\/li>\n  <li>E-Mail-Adresse<\/li>\n  <li>Abholadresse<\/li>\n  <li>Zieladresse<\/li>\n  <li>Datum und Uhrzeit der Fahrt<\/li>\n  <li>Anzahl der Personen<\/li>\n<\/ul>\n<p>Diese Daten sind notwendig, um Ihre Anfrage zu bearbeiten und eine Reservierung durchf\u00fchren zu k\u00f6nnen.<\/p>\n<p>Rechtsgrundlage: Art. 6 Abs. 1 lit. b DSGVO (Vertrag oder vorvertragliche Ma\u00dfnahmen).<\/p>\n\n<h4>Speicherdauer<\/h4>\n<p>Alle Daten, die im Rahmen einer tats\u00e4chlichen Buchung anfallen, werden gem\u00e4\u00df den steuerrechtlichen Aufbewahrungspflichten f\u00fcr 7 Jahre gespeichert (\u00a7 132 BAO). Daten aus unverbindlichen Anfragen ohne Vertrag werden sp\u00e4testens nach 12 Monaten gel\u00f6scht.<\/p>\n\n<h3>4. Keine Online-Zahlung<\/h3>\n<p>Wir verarbeiten auf dieser Website keine Zahlungs- oder Kreditkartendaten. Die Bezahlung erfolgt ausschlie\u00dflich vor Ort.<\/p>\n\n<h3>5. Hosting<\/h3>\n<p>Diese Website wird bei Hetzner Online GmbH, Industriestr. 25, 91710 Gunzenhausen, Deutschland gehostet. Die Verarbeitung erfolgt auf Grundlage eines Vertrages zur Auftragsverarbeitung gem\u00e4\u00df Art. 28 DSGVO.<\/p>\n<p>Mehr Informationen: <a href=\"https:\/\/www.hetzner.com\/de\/rechtliches\/datenschutz\" target=\"_blank\" rel=\"noopener noreferrer\">https:\/\/www.hetzner.com\/de\/rechtliches\/datenschutz<\/a><\/p>\n\n<h3>6. Cookies und Einwilligungsmanagement<\/h3>\n<p>Diese Website verwendet Cookies. Notwendige Cookies werden auf Grundlage von Art. 6 Abs. 1 lit. f DSGVO gespeichert. F\u00fcr alle weiteren Cookies (z.\u202fB. Statistik oder Marketing) holen wir Ihre Einwilligung ein (Art. 6 Abs. 1 lit. a DSGVO i.V.m. \u00a7 165 TKG 2021).<\/p>\n\n<h4>Complianz<\/h4>\n<p>Wir verwenden das Cookie-Consent-Tool \u201eComplianz\u201c (Complianz B.V., Niederlande), um Ihre Einwilligungen rechtskonform einzuholen und zu dokumentieren. Dabei werden keine personenbezogenen Daten an Dritte weitergegeben. Ihre Auswahl wird lokal im Browser gespeichert.<\/p>\n<p>Weitere Informationen: <a href=\"https:\/\/complianz.io\/privacy-statement\/\" target=\"_blank\">https:\/\/complianz.io\/privacy-statement\/<\/a><\/p>\n\n<h3>7. SSL-\/TLS-Verschl\u00fcsselung<\/h3>\n<p>Unsere Website nutzt eine SSL-\/TLS-Verschl\u00fcsselung zur sicheren \u00dcbertragung vertraulicher Inhalte. Sie erkennen dies an \u201ehttps:\/\/\u201c und einem Schloss-Symbol in der Adresszeile Ihres Browsers.<\/p>\n\n<h3>8. Ihre Rechte gem\u00e4\u00df DSGVO<\/h3>\n<p>Sie haben jederzeit das Recht auf:<\/p>\n<ul>\n  <li>Auskunft \u00fcber Ihre gespeicherten Daten (Art. 15 DSGVO)<\/li>\n  <li>Berichtigung unrichtiger Daten (Art. 16 DSGVO)<\/li>\n  <li>L\u00f6schung (Art. 17 DSGVO)<\/li>\n  <li>Einschr\u00e4nkung der Verarbeitung (Art. 18 DSGVO)<\/li>\n  <li>Daten\u00fcbertragbarkeit (Art. 20 DSGVO)<\/li>\n  <li>Widerspruch gegen Verarbeitung (Art. 21 DSGVO)<\/li>\n  <li>Widerruf Ihrer Einwilligung (Art. 7 Abs. 3 DSGVO)<\/li>\n<\/ul>\n<p>Wenn Sie der Meinung sind, dass die Verarbeitung Ihrer Daten gegen das Datenschutzrecht verst\u00f6\u00dft, k\u00f6nnen Sie sich bei der zust\u00e4ndigen Aufsichtsbeh\u00f6rde beschweren:<\/p>\n<p>\nDatenschutzbeh\u00f6rde \u00d6sterreich<br>\nBarichgasse 40-42<br>\n1030 Wien<br>\nWeb: <a href=\"https:\/\/www.dsb.gv.at\" target=\"_blank\">https:\/\/www.dsb.gv.at<\/a>\n<\/p>\n\n<h3>9. \u00c4nderung dieser Datenschutzerkl\u00e4rung<\/h3>\n<p>Wir behalten uns vor, diese Datenschutzerkl\u00e4rung bei rechtlichen \u00c4nderungen oder neuen Funktionalit\u00e4ten der Website anzupassen. Es gilt jeweils die zum Zeitpunkt des Besuchs g\u00fcltige Version.<\/p>\n\n\t\t<\/div>\n\t<\/div>\n<\/div><\/div><\/div><\/div><\/div><\/section><\/div>\n<\/div>","protected":false},"excerpt":{"rendered":"Datenschutzerkl\u00e4rung 1. Allgemeine Hinweise Der Schutz Ihrer pers\u00f6nlichen Daten ist uns ein gro\u00dfes Anliegen. Wir verarbeiten Ihre Daten ausschlie\u00dflich auf Grundlage der gesetzlichen Bestimmungen (DSGVO, TKG 2021). Diese Datenschutzerkl\u00e4rung informiert Sie \u00fcber Art, Umfang und Zweck der Datenerhebung auf unserer Website. 2. Verantwortlicher Volkan Kama Leitenweg 23 6500 Landeck,&hellip;","protected":false},"author":1,"featured_media":0,"parent":0,"menu_order":0,"comment_status":"closed","ping_status":"closed","template":"","meta":{"_themeisle_gutenberg_block_has_review":false,"footnotes":""},"class_list":["post-978","page","type-page","status-publish","hentry"],"yoast_head":"<!-- This site is optimized with the Yoast SEO Premium plugin v21.3 (Yoast SEO v27.3) - https:\/\/yoast.com\/product\/yoast-seo-premium-wordpress\/ -->\n<title>Datenschutzerkl\u00e4rung - Taxi St Anton - Flughafen Taxi<\/title>\n<meta name=\"robots\" content=\"index, follow, max-snippet:-1, max-image-preview:large, max-video-preview:-1\" \/>\n<link rel=\"canonical\" href=\"https:\/\/taxiderreinhard.at\/en\/datenschutzerklaerung\/\" \/>\n<meta property=\"og:locale\" content=\"en_US\" \/>\n<meta property=\"og:type\" content=\"article\" \/>\n<meta property=\"og:title\" content=\"Datenschutzerkl\u00e4rung\" \/>\n<meta property=\"og:url\" content=\"https:\/\/taxiderreinhard.at\/en\/datenschutzerklaerung\/\" \/>\n<meta property=\"og:site_name\" content=\"Taxi St Anton - Flughafen Taxi\" \/>\n<meta property=\"article:modified_time\" content=\"2025-08-04T15:03:13+00:00\" \/>\n<meta name=\"twitter:card\" content=\"summary_large_image\" \/>\n<meta name=\"twitter:label1\" content=\"Est. reading time\" \/>\n\t<meta name=\"twitter:data1\" content=\"1 minute\" \/>\n<script type=\"application\/ld+json\" class=\"yoast-schema-graph\">{\"@context\":\"https:\\\/\\\/schema.org\",\"@graph\":[{\"@type\":\"WebPage\",\"@id\":\"https:\\\/\\\/taxiderreinhard.at\\\/datenschutzerklaerung\\\/\",\"url\":\"https:\\\/\\\/taxiderreinhard.at\\\/datenschutzerklaerung\\\/\",\"name\":\"Datenschutzerkl\u00e4rung - Taxi St Anton - Flughafen Taxi\",\"isPartOf\":{\"@id\":\"https:\\\/\\\/taxiderreinhard.at\\\/#website\"},\"datePublished\":\"2023-09-30T13:53:26+00:00\",\"dateModified\":\"2025-08-04T15:03:13+00:00\",\"breadcrumb\":{\"@id\":\"https:\\\/\\\/taxiderreinhard.at\\\/datenschutzerklaerung\\\/#breadcrumb\"},\"inLanguage\":\"en-US\",\"potentialAction\":[{\"@type\":\"ReadAction\",\"target\":[\"https:\\\/\\\/taxiderreinhard.at\\\/datenschutzerklaerung\\\/\"]}]},{\"@type\":\"BreadcrumbList\",\"@id\":\"https:\\\/\\\/taxiderreinhard.at\\\/datenschutzerklaerung\\\/#breadcrumb\",\"itemListElement\":[{\"@type\":\"ListItem\",\"position\":1,\"name\":\"Home\",\"item\":\"https:\\\/\\\/taxiderreinhard.at\\\/\"},{\"@type\":\"ListItem\",\"position\":2,\"name\":\"Datenschutzerkl\u00e4rung\"}]},{\"@type\":\"WebSite\",\"@id\":\"https:\\\/\\\/taxiderreinhard.at\\\/#website\",\"url\":\"https:\\\/\\\/taxiderreinhard.at\\\/\",\"name\":\"Taxi St Anton - Flughafen Taxi\",\"description\":\"\",\"publisher\":{\"@id\":\"https:\\\/\\\/taxiderreinhard.at\\\/#organization\"},\"potentialAction\":[{\"@type\":\"SearchAction\",\"target\":{\"@type\":\"EntryPoint\",\"urlTemplate\":\"https:\\\/\\\/taxiderreinhard.at\\\/?s={search_term_string}\"},\"query-input\":{\"@type\":\"PropertyValueSpecification\",\"valueRequired\":true,\"valueName\":\"search_term_string\"}}],\"inLanguage\":\"en-US\"},{\"@type\":[\"Organization\",\"Place\",\"TaxiStand\"],\"@id\":\"https:\\\/\\\/taxiderreinhard.at\\\/#organization\",\"name\":\"Taxi der Reinhard\",\"alternateName\":\"Taxi der St Anton\",\"url\":\"https:\\\/\\\/taxiderreinhard.at\\\/\",\"logo\":{\"@id\":\"https:\\\/\\\/taxiderreinhard.at\\\/datenschutzerklaerung\\\/#local-main-organization-logo\"},\"image\":{\"@id\":\"https:\\\/\\\/taxiderreinhard.at\\\/datenschutzerklaerung\\\/#local-main-organization-logo\"},\"address\":{\"@id\":\"https:\\\/\\\/taxiderreinhard.at\\\/datenschutzerklaerung\\\/#local-main-place-address\"},\"geo\":{\"@type\":\"GeoCoordinates\",\"latitude\":\"47.141470\",\"longitude\":\"10.546550\"},\"telephone\":[\"066499317580\"],\"openingHoursSpecification\":{\"@type\":\"OpeningHoursSpecification\",\"dayOfWeek\":[\"Monday\",\"Tuesday\",\"Wednesday\",\"Thursday\",\"Friday\",\"Saturday\",\"Sunday\"],\"opens\":\"00:00\",\"closes\":\"23:59\"},\"email\":\"info@taxiderreinhard.at\"},{\"@type\":\"PostalAddress\",\"@id\":\"https:\\\/\\\/taxiderreinhard.at\\\/datenschutzerklaerung\\\/#local-main-place-address\",\"streetAddress\":\"Leitenweg 23\",\"addressLocality\":\"Landeck\",\"postalCode\":\"6500\",\"addressRegion\":\"Tirol\",\"addressCountry\":\"AT\"},{\"@type\":\"ImageObject\",\"inLanguage\":\"en-US\",\"@id\":\"https:\\\/\\\/taxiderreinhard.at\\\/datenschutzerklaerung\\\/#local-main-organization-logo\",\"url\":\"https:\\\/\\\/taxiderreinhard.at\\\/wp-content\\\/uploads\\\/2023\\\/10\\\/Taxi_reinhart-footer.png\",\"contentUrl\":\"https:\\\/\\\/taxiderreinhard.at\\\/wp-content\\\/uploads\\\/2023\\\/10\\\/Taxi_reinhart-footer.png\",\"width\":300,\"height\":146,\"caption\":\"Taxi der Reinhard\"}]}<\/script>\n<meta name=\"geo.placename\" content=\"Landeck\" \/>\n<meta name=\"geo.position\" content=\"47.141470;10.546550\" \/>\n<meta name=\"geo.region\" content=\"Austria\" \/>\n<!-- \/ Yoast SEO Premium plugin. -->","yoast_head_json":{"title":"Datenschutzerkl\u00e4rung - Taxi St Anton - Flughafen Taxi","robots":{"index":"index","follow":"follow","max-snippet":"max-snippet:-1","max-image-preview":"max-image-preview:large","max-video-preview":"max-video-preview:-1"},"canonical":"https:\/\/taxiderreinhard.at\/en\/datenschutzerklaerung\/","og_locale":"en_US","og_type":"article","og_title":"Datenschutzerkl\u00e4rung","og_url":"https:\/\/taxiderreinhard.at\/en\/datenschutzerklaerung\/","og_site_name":"Taxi St Anton - Flughafen Taxi","article_modified_time":"2025-08-04T15:03:13+00:00","twitter_card":"summary_large_image","twitter_misc":{"Est. reading time":"1 minute"},"schema":{"@context":"https:\/\/schema.org","@graph":[{"@type":"WebPage","@id":"https:\/\/taxiderreinhard.at\/datenschutzerklaerung\/","url":"https:\/\/taxiderreinhard.at\/datenschutzerklaerung\/","name":"Datenschutzerkl\u00e4rung - Taxi St Anton - Flughafen Taxi","isPartOf":{"@id":"https:\/\/taxiderreinhard.at\/#website"},"datePublished":"2023-09-30T13:53:26+00:00","dateModified":"2025-08-04T15:03:13+00:00","breadcrumb":{"@id":"https:\/\/taxiderreinhard.at\/datenschutzerklaerung\/#breadcrumb"},"inLanguage":"en-US","potentialAction":[{"@type":"ReadAction","target":["https:\/\/taxiderreinhard.at\/datenschutzerklaerung\/"]}]},{"@type":"BreadcrumbList","@id":"https:\/\/taxiderreinhard.at\/datenschutzerklaerung\/#breadcrumb","itemListElement":[{"@type":"ListItem","position":1,"name":"Home","item":"https:\/\/taxiderreinhard.at\/"},{"@type":"ListItem","position":2,"name":"Datenschutzerkl\u00e4rung"}]},{"@type":"WebSite","@id":"https:\/\/taxiderreinhard.at\/#website","url":"https:\/\/taxiderreinhard.at\/","name":"Taxi St Anton - Flughafen Taxi","description":"","publisher":{"@id":"https:\/\/taxiderreinhard.at\/#organization"},"potentialAction":[{"@type":"SearchAction","target":{"@type":"EntryPoint","urlTemplate":"https:\/\/taxiderreinhard.at\/?s={search_term_string}"},"query-input":{"@type":"PropertyValueSpecification","valueRequired":true,"valueName":"search_term_string"}}],"inLanguage":"en-US"},{"@type":["Organization","Place","TaxiStand"],"@id":"https:\/\/taxiderreinhard.at\/#organization","name":"Taxi der Reinhard","alternateName":"Taxi der St Anton","url":"https:\/\/taxiderreinhard.at\/","logo":{"@id":"https:\/\/taxiderreinhard.at\/datenschutzerklaerung\/#local-main-organization-logo"},"image":{"@id":"https:\/\/taxiderreinhard.at\/datenschutzerklaerung\/#local-main-organization-logo"},"address":{"@id":"https:\/\/taxiderreinhard.at\/datenschutzerklaerung\/#local-main-place-address"},"geo":{"@type":"GeoCoordinates","latitude":"47.141470","longitude":"10.546550"},"telephone":["066499317580"],"openingHoursSpecification":{"@type":"OpeningHoursSpecification","dayOfWeek":["Monday","Tuesday","Wednesday","Thursday","Friday","Saturday","Sunday"],"opens":"00:00","closes":"23:59"},"email":"info@taxiderreinhard.at"},{"@type":"PostalAddress","@id":"https:\/\/taxiderreinhard.at\/datenschutzerklaerung\/#local-main-place-address","streetAddress":"Leitenweg 23","addressLocality":"Landeck","postalCode":"6500","addressRegion":"Tirol","addressCountry":"AT"},{"@type":"ImageObject","inLanguage":"en-US","@id":"https:\/\/taxiderreinhard.at\/datenschutzerklaerung\/#local-main-organization-logo","url":"https:\/\/taxiderreinhard.at\/wp-content\/uploads\/2023\/10\/Taxi_reinhart-footer.png","contentUrl":"https:\/\/taxiderreinhard.at\/wp-content\/uploads\/2023\/10\/Taxi_reinhart-footer.png","width":300,"height":146,"caption":"Taxi der Reinhard"}]},"geo.placename":"Landeck","geo.position":{"lat":"47.141470","long":"10.546550"},"geo.region":"Austria"},"_links":{"self":[{"href":"https:\/\/taxiderreinhard.at\/en\/wp-json\/wp\/v2\/pages\/978","targetHints":{"allow":["GET"]}}],"collection":[{"href":"https:\/\/taxiderreinhard.at\/en\/wp-json\/wp\/v2\/pages"}],"about":[{"href":"https:\/\/taxiderreinhard.at\/en\/wp-json\/wp\/v2\/types\/page"}],"author":[{"embeddable":true,"href":"https:\/\/taxiderreinhard.at\/en\/wp-json\/wp\/v2\/users\/1"}],"replies":[{"embeddable":true,"href":"https:\/\/taxiderreinhard.at\/en\/wp-json\/wp\/v2\/comments?post=978"}],"version-history":[{"count":5,"href":"https:\/\/taxiderreinhard.at\/en\/wp-json\/wp\/v2\/pages\/978\/revisions"}],"predecessor-version":[{"id":5258,"href":"https:\/\/taxiderreinhard.at\/en\/wp-json\/wp\/v2\/pages\/978\/revisions\/5258"}],"wp:attachment":[{"href":"https:\/\/taxiderreinhard.at\/en\/wp-json\/wp\/v2\/media?parent=978"}],"curies":[{"name":"wp","href":"https:\/\/api.w.org\/{rel}","templated":true}]}}