{"id":5187,"date":"2023-10-18T11:05:49","date_gmt":"2023-10-18T11:05:49","guid":{"rendered":"https:\/\/taxiderreinhard.at\/?page_id=5187"},"modified":"2023-10-18T11:27:55","modified_gmt":"2023-10-18T11:27:55","slug":"faq","status":"publish","type":"page","link":"https:\/\/taxiderreinhard.at\/en\/faq\/","title":{"rendered":"SSS"},"content":{"rendered":"<div class=\"wpb-content-wrapper\"><div class=\"vc-custom-col-spacing clearfix vc-col-spacing-30\"><section class=\"wpb_row vc_row-fluid row-content-position-Default\"><div class=\"logistix-container\"><div class=\"row-inner clearfix\"><div class=\"wpb_column vc_column_container vc_col-sm-12\"><div class=\"vc_column-inner\"><div class=\"wpb_wrapper\"><div  class=\"vc_toggle vc_toggle_default vc_toggle_color_default  vc_toggle_size_md\"><div class=\"vc_toggle_title\"><h4>Is my booking a private or shared transfer?<\/h4><i class=\"vc_toggle_icon\"><\/i><\/div><div class=\"vc_toggle_content\"><p><span>All bookings offered are for private transfers and only official cars authorized by local transport authorities are used. Your group will travel in a vehicle for exclusive use. This allows you to avoid queues, save waiting times for other passengers, and enable you to go straight to your destination without stopping.<\/span><\/p>\n<\/div><\/div><div  class=\"vc_toggle vc_toggle_default vc_toggle_color_default  vc_toggle_size_md\"><div class=\"vc_toggle_title\"><h4>What is the baggage allowance per person?<\/h4><i class=\"vc_toggle_icon\"><\/i><\/div><div class=\"vc_toggle_content\"><p><span>Baggage allowance is adjusted based on vehicle capacity. Please specify this when making your main reservation. Please book a vehicle with adequate capacity for the needs of your group. If the taxi you reserve doesn't have sufficient capacity, you may be required to pay for a second vehicle to be sent.<\/span><\/p>\n<\/div><\/div><div  class=\"vc_toggle vc_toggle_default vc_toggle_color_default  vc_toggle_size_md\"><div class=\"vc_toggle_title\"><h4>Can I bring extra baggage or sports equipment, or does this take up too much space?<\/h4><i class=\"vc_toggle_icon\"><\/i><\/div><div class=\"vc_toggle_content\"><p><span>In our booking process, you have the option of indicating if you have any special needs during your trip. If your extra baggage doesn't appear with the vehicle you've chosen or the option doesn't exist, please indicate your requirements in the comments of your booking. We'll look for the best solution and get back to you within one working day.<\/span><\/p>\n<\/div><\/div><div  class=\"vc_toggle vc_toggle_default vc_toggle_color_default  vc_toggle_size_md\"><div class=\"vc_toggle_title\"><h4>Travelling with children?<\/h4><i class=\"vc_toggle_icon\"><\/i><\/div><div class=\"vc_toggle_content\"><p><span>The majority of our vehicles are adapted to hold child car seats. During the booking process, you have the option of adding car seats to your application. Taxiderreinhard.at takes the safety of its passengers very seriously, especially that of children.<\/span><\/p>\n<\/div><\/div><div  class=\"vc_toggle vc_toggle_default vc_toggle_color_default  vc_toggle_size_md\"><div class=\"vc_toggle_title\"><h4>My group is traveling with a baby carrytot. Is it possible to bring it?<\/h4><i class=\"vc_toggle_icon\"><\/i><\/div><div class=\"vc_toggle_content\"><p>Yes, the vehicle can accommodate baby carrytots or strollers. Children and babies are considered passengers when booking your vehicle, and they can also carry one piece of luggage (suitcase or baby carrytot) as well as a handbag.<\/p>\n<p>Taking this into account, if your baggage exceeds the set limit in the general conditions, please add the extras you need in the corresponding step of the booking process or reserve a bigger vehicle.<\/p>\n<\/div><\/div><div  class=\"vc_toggle vc_toggle_default vc_toggle_color_default  vc_toggle_size_md\"><div class=\"vc_toggle_title\"><h4>What vehicles does Taxi der Reinhard offer?<\/h4><i class=\"vc_toggle_icon\"><\/i><\/div><div class=\"vc_toggle_content\"><p><span>Our taxi fleet consists of VIP private vehicles from the Mercedes and Volkswagen brands. Our vehicles are equipped for all road and weather conditions.<\/span><\/p>\n<\/div><\/div><div  class=\"vc_toggle vc_toggle_default vc_toggle_color_default  vc_toggle_size_md\"><div class=\"vc_toggle_title\"><h4>What if my destination is not on the list?<\/h4><i class=\"vc_toggle_icon\"><\/i><\/div><div class=\"vc_toggle_content\"><p><span>If you cannot find your destination in our booking system, please feel free to send us an inquiry with your desired pick-up and drop-off locations. We'll be happy to make your trip possible.<\/span><\/p>\n<\/div><\/div><\/div><\/div><\/div><\/div><\/div><\/section><\/div>\n<\/div>","protected":false},"excerpt":{"rendered":"Ist meine Buchung ein privater oder gemeinsamer Transfer?Alle angebotenen Buchungen gelten f\u00fcr private Transfers, und es werden nur von den \u00f6rtlichen Verkehrsbeh\u00f6rden autorisierte offizielle Fahrzeuge verwendet. Ihre Gruppe wird in einem Fahrzeug zur exklusiven Nutzung reisen. Dies erm\u00f6glicht es Ihnen, Warteschlangen zu vermeiden, Wartezeiten f\u00fcr andere Passagiere zu sparen&hellip;","protected":false},"author":1,"featured_media":0,"parent":0,"menu_order":0,"comment_status":"closed","ping_status":"closed","template":"","meta":{"_themeisle_gutenberg_block_has_review":false,"footnotes":""},"class_list":["post-5187","page","type-page","status-publish","hentry"],"yoast_head":"<!-- This site is optimized with the Yoast SEO Premium plugin v21.3 (Yoast SEO v27.3) - https:\/\/yoast.com\/product\/yoast-seo-premium-wordpress\/ -->\n<title>Faq - Taxi St Anton - Flughafen Taxi<\/title>\n<meta name=\"robots\" content=\"index, follow, max-snippet:-1, max-image-preview:large, max-video-preview:-1\" \/>\n<link rel=\"canonical\" href=\"https:\/\/taxiderreinhard.at\/en\/faq\/\" \/>\n<meta property=\"og:locale\" content=\"en_US\" \/>\n<meta property=\"og:type\" content=\"article\" \/>\n<meta property=\"og:title\" content=\"Faq\" \/>\n<meta property=\"og:url\" content=\"https:\/\/taxiderreinhard.at\/en\/faq\/\" \/>\n<meta property=\"og:site_name\" content=\"Taxi St Anton - Flughafen Taxi\" \/>\n<meta property=\"article:modified_time\" content=\"2023-10-18T11:27:55+00:00\" \/>\n<meta name=\"twitter:card\" content=\"summary_large_image\" \/>\n<meta name=\"twitter:label1\" content=\"Est. reading time\" \/>\n\t<meta name=\"twitter:data1\" content=\"3 minutes\" \/>\n<script type=\"application\/ld+json\" class=\"yoast-schema-graph\">{\"@context\":\"https:\\\/\\\/schema.org\",\"@graph\":[{\"@type\":\"WebPage\",\"@id\":\"https:\\\/\\\/taxiderreinhard.at\\\/faq\\\/\",\"url\":\"https:\\\/\\\/taxiderreinhard.at\\\/faq\\\/\",\"name\":\"Faq - Taxi St Anton - Flughafen Taxi\",\"isPartOf\":{\"@id\":\"https:\\\/\\\/taxiderreinhard.at\\\/#website\"},\"datePublished\":\"2023-10-18T11:05:49+00:00\",\"dateModified\":\"2023-10-18T11:27:55+00:00\",\"breadcrumb\":{\"@id\":\"https:\\\/\\\/taxiderreinhard.at\\\/faq\\\/#breadcrumb\"},\"inLanguage\":\"en-US\",\"potentialAction\":[{\"@type\":\"ReadAction\",\"target\":[\"https:\\\/\\\/taxiderreinhard.at\\\/faq\\\/\"]}]},{\"@type\":\"BreadcrumbList\",\"@id\":\"https:\\\/\\\/taxiderreinhard.at\\\/faq\\\/#breadcrumb\",\"itemListElement\":[{\"@type\":\"ListItem\",\"position\":1,\"name\":\"Home\",\"item\":\"https:\\\/\\\/taxiderreinhard.at\\\/\"},{\"@type\":\"ListItem\",\"position\":2,\"name\":\"Faq\"}]},{\"@type\":\"WebSite\",\"@id\":\"https:\\\/\\\/taxiderreinhard.at\\\/#website\",\"url\":\"https:\\\/\\\/taxiderreinhard.at\\\/\",\"name\":\"Taxi St Anton - Flughafen Taxi\",\"description\":\"\",\"publisher\":{\"@id\":\"https:\\\/\\\/taxiderreinhard.at\\\/#organization\"},\"potentialAction\":[{\"@type\":\"SearchAction\",\"target\":{\"@type\":\"EntryPoint\",\"urlTemplate\":\"https:\\\/\\\/taxiderreinhard.at\\\/?s={search_term_string}\"},\"query-input\":{\"@type\":\"PropertyValueSpecification\",\"valueRequired\":true,\"valueName\":\"search_term_string\"}}],\"inLanguage\":\"en-US\"},{\"@type\":[\"Organization\",\"Place\",\"TaxiStand\"],\"@id\":\"https:\\\/\\\/taxiderreinhard.at\\\/#organization\",\"name\":\"Taxi der Reinhard\",\"alternateName\":\"Taxi der St Anton\",\"url\":\"https:\\\/\\\/taxiderreinhard.at\\\/\",\"logo\":{\"@id\":\"https:\\\/\\\/taxiderreinhard.at\\\/faq\\\/#local-main-organization-logo\"},\"image\":{\"@id\":\"https:\\\/\\\/taxiderreinhard.at\\\/faq\\\/#local-main-organization-logo\"},\"address\":{\"@id\":\"https:\\\/\\\/taxiderreinhard.at\\\/faq\\\/#local-main-place-address\"},\"geo\":{\"@type\":\"GeoCoordinates\",\"latitude\":\"47.141470\",\"longitude\":\"10.546550\"},\"telephone\":[\"066499317580\"],\"openingHoursSpecification\":{\"@type\":\"OpeningHoursSpecification\",\"dayOfWeek\":[\"Monday\",\"Tuesday\",\"Wednesday\",\"Thursday\",\"Friday\",\"Saturday\",\"Sunday\"],\"opens\":\"00:00\",\"closes\":\"23:59\"},\"email\":\"info@taxiderreinhard.at\"},{\"@type\":\"PostalAddress\",\"@id\":\"https:\\\/\\\/taxiderreinhard.at\\\/faq\\\/#local-main-place-address\",\"streetAddress\":\"Leitenweg 23\",\"addressLocality\":\"Landeck\",\"postalCode\":\"6500\",\"addressRegion\":\"Tirol\",\"addressCountry\":\"AT\"},{\"@type\":\"ImageObject\",\"inLanguage\":\"en-US\",\"@id\":\"https:\\\/\\\/taxiderreinhard.at\\\/faq\\\/#local-main-organization-logo\",\"url\":\"https:\\\/\\\/taxiderreinhard.at\\\/wp-content\\\/uploads\\\/2023\\\/10\\\/Taxi_reinhart-footer.png\",\"contentUrl\":\"https:\\\/\\\/taxiderreinhard.at\\\/wp-content\\\/uploads\\\/2023\\\/10\\\/Taxi_reinhart-footer.png\",\"width\":300,\"height\":146,\"caption\":\"Taxi der Reinhard\"}]}<\/script>\n<meta name=\"geo.placename\" content=\"Landeck\" \/>\n<meta name=\"geo.position\" content=\"47.141470;10.546550\" \/>\n<meta name=\"geo.region\" content=\"Austria\" \/>\n<!-- \/ Yoast SEO Premium plugin. -->","yoast_head_json":{"title":"Faq - Taxi St Anton - Flughafen Taxi","robots":{"index":"index","follow":"follow","max-snippet":"max-snippet:-1","max-image-preview":"max-image-preview:large","max-video-preview":"max-video-preview:-1"},"canonical":"https:\/\/taxiderreinhard.at\/en\/faq\/","og_locale":"en_US","og_type":"article","og_title":"Faq","og_url":"https:\/\/taxiderreinhard.at\/en\/faq\/","og_site_name":"Taxi St Anton - Flughafen Taxi","article_modified_time":"2023-10-18T11:27:55+00:00","twitter_card":"summary_large_image","twitter_misc":{"Est. reading time":"3 minutes"},"schema":{"@context":"https:\/\/schema.org","@graph":[{"@type":"WebPage","@id":"https:\/\/taxiderreinhard.at\/faq\/","url":"https:\/\/taxiderreinhard.at\/faq\/","name":"Faq - Taxi St Anton - Flughafen Taxi","isPartOf":{"@id":"https:\/\/taxiderreinhard.at\/#website"},"datePublished":"2023-10-18T11:05:49+00:00","dateModified":"2023-10-18T11:27:55+00:00","breadcrumb":{"@id":"https:\/\/taxiderreinhard.at\/faq\/#breadcrumb"},"inLanguage":"en-US","potentialAction":[{"@type":"ReadAction","target":["https:\/\/taxiderreinhard.at\/faq\/"]}]},{"@type":"BreadcrumbList","@id":"https:\/\/taxiderreinhard.at\/faq\/#breadcrumb","itemListElement":[{"@type":"ListItem","position":1,"name":"Home","item":"https:\/\/taxiderreinhard.at\/"},{"@type":"ListItem","position":2,"name":"Faq"}]},{"@type":"WebSite","@id":"https:\/\/taxiderreinhard.at\/#website","url":"https:\/\/taxiderreinhard.at\/","name":"Taxi St Anton - Flughafen Taxi","description":"","publisher":{"@id":"https:\/\/taxiderreinhard.at\/#organization"},"potentialAction":[{"@type":"SearchAction","target":{"@type":"EntryPoint","urlTemplate":"https:\/\/taxiderreinhard.at\/?s={search_term_string}"},"query-input":{"@type":"PropertyValueSpecification","valueRequired":true,"valueName":"search_term_string"}}],"inLanguage":"en-US"},{"@type":["Organization","Place","TaxiStand"],"@id":"https:\/\/taxiderreinhard.at\/#organization","name":"Taxi der Reinhard","alternateName":"Taxi der St Anton","url":"https:\/\/taxiderreinhard.at\/","logo":{"@id":"https:\/\/taxiderreinhard.at\/faq\/#local-main-organization-logo"},"image":{"@id":"https:\/\/taxiderreinhard.at\/faq\/#local-main-organization-logo"},"address":{"@id":"https:\/\/taxiderreinhard.at\/faq\/#local-main-place-address"},"geo":{"@type":"GeoCoordinates","latitude":"47.141470","longitude":"10.546550"},"telephone":["066499317580"],"openingHoursSpecification":{"@type":"OpeningHoursSpecification","dayOfWeek":["Monday","Tuesday","Wednesday","Thursday","Friday","Saturday","Sunday"],"opens":"00:00","closes":"23:59"},"email":"info@taxiderreinhard.at"},{"@type":"PostalAddress","@id":"https:\/\/taxiderreinhard.at\/faq\/#local-main-place-address","streetAddress":"Leitenweg 23","addressLocality":"Landeck","postalCode":"6500","addressRegion":"Tirol","addressCountry":"AT"},{"@type":"ImageObject","inLanguage":"en-US","@id":"https:\/\/taxiderreinhard.at\/faq\/#local-main-organization-logo","url":"https:\/\/taxiderreinhard.at\/wp-content\/uploads\/2023\/10\/Taxi_reinhart-footer.png","contentUrl":"https:\/\/taxiderreinhard.at\/wp-content\/uploads\/2023\/10\/Taxi_reinhart-footer.png","width":300,"height":146,"caption":"Taxi der Reinhard"}]},"geo.placename":"Landeck","geo.position":{"lat":"47.141470","long":"10.546550"},"geo.region":"Austria"},"_links":{"self":[{"href":"https:\/\/taxiderreinhard.at\/en\/wp-json\/wp\/v2\/pages\/5187","targetHints":{"allow":["GET"]}}],"collection":[{"href":"https:\/\/taxiderreinhard.at\/en\/wp-json\/wp\/v2\/pages"}],"about":[{"href":"https:\/\/taxiderreinhard.at\/en\/wp-json\/wp\/v2\/types\/page"}],"author":[{"embeddable":true,"href":"https:\/\/taxiderreinhard.at\/en\/wp-json\/wp\/v2\/users\/1"}],"replies":[{"embeddable":true,"href":"https:\/\/taxiderreinhard.at\/en\/wp-json\/wp\/v2\/comments?post=5187"}],"version-history":[{"count":3,"href":"https:\/\/taxiderreinhard.at\/en\/wp-json\/wp\/v2\/pages\/5187\/revisions"}],"predecessor-version":[{"id":5192,"href":"https:\/\/taxiderreinhard.at\/en\/wp-json\/wp\/v2\/pages\/5187\/revisions\/5192"}],"wp:attachment":[{"href":"https:\/\/taxiderreinhard.at\/en\/wp-json\/wp\/v2\/media?parent=5187"}],"curies":[{"name":"wp","href":"https:\/\/api.w.org\/{rel}","templated":true}]}}